{"id":1554,"date":"2022-09-09T14:05:36","date_gmt":"2022-09-09T14:05:43","guid":{"rendered":"https:\/\/www.perama.es\/servicios\/"},"modified":"2023-03-24T17:01:56","modified_gmt":"2023-03-24T17:01:56","slug":"servicios","status":"publish","type":"page","link":"https:\/\/www.perama.es\/en\/servicios\/","title":{"rendered":"SERVICES"},"content":{"rendered":"<p>[et_pb_section fb_built=\u00bb1&#8243; fullwidth=\u00bbon\u00bb admin_label=\u00bbHero Section\u00bb _builder_version=\u00bb4.5.3&#8243; background_image=\u00bbhttps:\/\/www.perama.es\/wp-content\/uploads\/2020\/05\/piranha-v.jpg\u00bb parallax=\u00bbon\u00bb custom_padding=\u00bb0px|0px|0|0px|false|false\u00bb][et_pb_fullwidth_header title=\u00bbSErvicios\u00bb subhead=\u00bbAcompa\u00f1amos a las empresas de la Industria de Defensa \u00bb background_overlay_color=\u00bbrgba(45,58,80,0.9)\u00bb image_orientation=\u00bbbottom\u00bb content_max_width=\u00bb750px\u00bb _builder_version=\u00bb4.5.3&#8243; title_font=\u00bbPoppins|700||on|||||\u00bb title_text_color=\u00bb#edbb5f\u00bb title_font_size=\u00bb31px\u00bb title_letter_spacing=\u00bb2px\u00bb title_line_height=\u00bb1.9em\u00bb content_font=\u00bbPoppins||||||||\u00bb content_font_size=\u00bb16px\u00bb content_letter_spacing=\u00bb1px\u00bb content_line_height=\u00bb2em\u00bb subhead_font=\u00bbPlayfair Display|700|||||||\u00bb subhead_text_align=\u00bbleft\u00bb subhead_font_size=\u00bb42px\u00bb subhead_line_height=\u00bb1.3em\u00bb background_color=\u00bbrgba(255,255,255,0)\u00bb background_image=\u00bbhttps:\/\/www.perama.es\/wp-content\/uploads\/2022\/09\/Picture2-1024&#215;694.jpg\u00bb custom_button_one=\u00bbon\u00bb button_one_border_width=\u00bb1px\u00bb button_one_border_color=\u00bbrgba(255,255,255,0.3)\u00bb button_one_border_radius=\u00bb0px\u00bb button_one_letter_spacing=\u00bb1px\u00bb button_one_font=\u00bbSaira Extra Condensed|600||on|||||\u00bb button_one_icon=\u00bb%%3%%\u00bb button_one_icon_color=\u00bb#edbb5f\u00bb custom_button_two=\u00bbon\u00bb button_two_border_width=\u00bb1px\u00bb button_two_border_color=\u00bbrgba(255,255,255,0.3)\u00bb button_two_border_radius=\u00bb0px\u00bb button_two_letter_spacing=\u00bb1px\u00bb button_two_font=\u00bbSaira Extra Condensed|600||on|||||\u00bb button_two_icon=\u00bb%%3%%\u00bb button_two_icon_color=\u00bb#edbb5f\u00bb width=\u00bb100%\u00bb module_alignment=\u00bbleft\u00bb min_height=\u00bb666px\u00bb height=\u00bb683px\u00bb max_height=\u00bb1000px\u00bb custom_margin=\u00bb|||\u00bb custom_padding=\u00bb8%||8%|\u00bb button_one_text_color_hover=\u00bb#edbb5f\u00bb button_two_text_color_hover=\u00bb#edbb5f\u00bb button_one_bg_color_hover=\u00bbrgba(0,0,0,0)\u00bb button_two_bg_color_hover=\u00bbrgba(0,0,0,0)\u00bb button_one_text_size__hover_enabled=\u00bboff\u00bb button_two_text_size__hover_enabled=\u00bboff\u00bb button_one_text_color__hover_enabled=\u00bbon\u00bb button_one_text_color__hover=\u00bb#edbb5f\u00bb button_two_text_color__hover_enabled=\u00bbon\u00bb button_two_text_color__hover=\u00bb#edbb5f\u00bb button_one_border_width__hover_enabled=\u00bboff\u00bb button_two_border_width__hover_enabled=\u00bboff\u00bb button_one_border_color__hover_enabled=\u00bboff\u00bb button_two_border_color__hover_enabled=\u00bboff\u00bb button_one_border_radius__hover_enabled=\u00bboff\u00bb button_two_border_radius__hover_enabled=\u00bboff\u00bb button_one_letter_spacing__hover_enabled=\u00bboff\u00bb button_two_letter_spacing__hover_enabled=\u00bboff\u00bb button_one_bg_color__hover_enabled=\u00bbon\u00bb button_one_bg_color__hover=\u00bbrgba(0,0,0,0)\u00bb button_two_bg_color__hover_enabled=\u00bbon\u00bb button_two_bg_color__hover=\u00bbrgba(0,0,0,0)\u00bb][\/et_pb_fullwidth_header][\/et_pb_section][et_pb_section fb_built=\u00bb1&#8243; admin_label=\u00bbStatistics\u00bb _builder_version=\u00bb4.5.3&#8243; _module_preset=\u00bb8443af79-cf34-42f5-bcd5-5046f2b215e4&#8243; min_height=\u00bb582.1px\u00bb custom_margin=\u00bb-1px|||||\u00bb custom_padding=\u00bb150px|0px|150px|0px|false|false\u00bb][et_pb_row _builder_version=\u00bb4.5.3&#8243; module_alignment=\u00bbcenter\u00bb custom_margin=\u00bb-29px|auto||auto||\u00bb custom_padding=\u00bb0|0px|50px|0px|false|false\u00bb][et_pb_column type=\u00bb4_4&#8243; _builder_version=\u00bb3.25&#8243; custom_padding=\u00bb|||\u00bb custom_padding__hover=\u00bb|||\u00bb][et_pb_text _builder_version=\u00bb4.5.3&#8243; text_font=\u00bb||||||||\u00bb header_font=\u00bb||||||||\u00bb header_2_font=\u00bbPlayfair Display|700|||||||\u00bb header_2_font_size=\u00bb38px\u00bb header_2_letter_spacing=\u00bb1px\u00bb header_2_line_height=\u00bb1.4em\u00bb header_3_font=\u00bbPoppins|700||on|||||\u00bb header_3_text_color=\u00bb#edbb5f\u00bb header_3_font_size=\u00bb14px\u00bb header_3_letter_spacing=\u00bb1px\u00bb header_3_line_height=\u00bb2em\u00bb text_orientation=\u00bbcenter\u00bb max_width=\u00bb1190px\u00bb custom_padding=\u00bb0px|||||\u00bb locked=\u00bboff\u00bb]<\/p>\n<h3 style=\"text-align: center\"><span style=\"color: #9fa9b2\">\u00bfc\u00f3mo podemos ayudar?<\/span><\/h3>\n<h2><span>Un equipo multidisciplinar a su disposici\u00f3n<\/span><\/h2>\n<p>[\/et_pb_text][et_pb_divider divider_weight=\u00bb2px\u00bb _builder_version=\u00bb3.14&#8243; max_width=\u00bb60px\u00bb module_alignment=\u00bbcenter\u00bb height=\u00bb2px\u00bb locked=\u00bboff\u00bb][\/et_pb_divider][\/et_pb_column][\/et_pb_row][et_pb_row column_structure=\u00bb1_3,1_3,1_3&#8243; _builder_version=\u00bb4.5.3&#8243; _module_preset=\u00bbdefault\u00bb][et_pb_column type=\u00bb1_3&#8243; _builder_version=\u00bb4.5.3&#8243; _module_preset=\u00bbdefault\u00bb][et_pb_blurb title=\u00bbcatalogaci\u00f3n otan\u00bb image=\u00bbhttps:\/\/www.perama.es\/wp-content\/uploads\/2022\/09\/Picture1.jpg\u00bb _builder_version=\u00bb4.5.3&#8243; header_font=\u00bbPoppins|700||on|||||\u00bb header_text_color=\u00bb#2d3a50&#8243; header_font_size=\u00bb14px\u00bb header_letter_spacing=\u00bb1px\u00bb body_font=\u00bbPoppins||||||||\u00bb body_letter_spacing=\u00bb1px\u00bb body_line_height=\u00bb1.8em\u00bb text_orientation=\u00bbcenter\u00bb animation_style=\u00bbzoom\u00bb animation_intensity_zoom=\u00bb30%\u00bb animation=\u00bboff\u00bb border_style_all=\u00bbdashed\u00bb locked=\u00bboff\u00bb]<\/p>\n<p>Ejecuci\u00f3n de las diferentes transacciones requeridas para la entrega de equipos y sistemas al Ministerio de Defensa<\/p>\n<p>[\/et_pb_blurb][\/et_pb_column][et_pb_column type=\u00bb1_3&#8243; _builder_version=\u00bb4.5.3&#8243; _module_preset=\u00bbdefault\u00bb][et_pb_blurb title=\u00bbcomercializaci\u00f3n y representaci\u00f3n\u00bb image=\u00bbhttps:\/\/www.perama.es\/wp-content\/uploads\/2022\/09\/Handschlag-2-1280&#215;720-1-1024&#215;576.jpg\u00bb _builder_version=\u00bb4.5.3&#8243; header_font=\u00bbPoppins|700||on|||||\u00bb header_text_color=\u00bb#2d3a50&#8243; header_font_size=\u00bb14px\u00bb header_letter_spacing=\u00bb1px\u00bb body_font=\u00bbPoppins||||||||\u00bb body_letter_spacing=\u00bb1px\u00bb body_line_height=\u00bb1.8em\u00bb text_orientation=\u00bbcenter\u00bb custom_padding=\u00bb||5px|||\u00bb animation_style=\u00bbzoom\u00bb animation_intensity_zoom=\u00bb30%\u00bb animation=\u00bboff\u00bb border_style_all=\u00bbdashed\u00bb global_module=\u00bb1532&#8243; saved_tabs=\u00bball\u00bb locked=\u00bboff\u00bb]<\/p>\n<p>Apoyamos a empresas en su expansi\u00f3n internacional<\/p>\n<p>[\/et_pb_blurb][\/et_pb_column][et_pb_column type=\u00bb1_3&#8243; _builder_version=\u00bb4.5.3&#8243; _module_preset=\u00bbdefault\u00bb][et_pb_blurb title=\u00bbcomunicaci\u00f3n estrat\u00e9gica\u00bb image=\u00bbhttps:\/\/www.perama.es\/wp-content\/uploads\/2022\/09\/periodistas-1-1024&#215;642-1.jpg\u00bb _builder_version=\u00bb4.5.3&#8243; header_font=\u00bbPoppins|700||on|||||\u00bb header_text_color=\u00bb#2d3a50&#8243; header_font_size=\u00bb14px\u00bb header_letter_spacing=\u00bb1px\u00bb body_font=\u00bbPoppins||||||||\u00bb body_letter_spacing=\u00bb1px\u00bb body_line_height=\u00bb1.8em\u00bb text_orientation=\u00bbcenter\u00bb animation_style=\u00bbzoom\u00bb animation_intensity_zoom=\u00bb30%\u00bb animation=\u00bboff\u00bb border_style_all=\u00bbdashed\u00bb global_module=\u00bb1533&#8243; locked=\u00bboff\u00bb]<\/p>\n<p>Asesoramiento y planificaci\u00f3n de la comunicaci\u00f3n. Gesti\u00f3n de la reputaci\u00f3n. Formaci\u00f3n de portavoces. Relaciones con los medios. Comunicaci\u00f3n de Crisis.<\/p>\n<p>[\/et_pb_blurb][\/et_pb_column][\/et_pb_row][et_pb_row column_structure=\u00bb1_3,1_3,1_3&#8243; _builder_version=\u00bb4.5.3&#8243; _module_preset=\u00bbdefault\u00bb][et_pb_column type=\u00bb1_3&#8243; _builder_version=\u00bb4.5.3&#8243; _module_preset=\u00bbdefault\u00bb][et_pb_blurb image=\u00bbhttps:\/\/www.perama.es\/wp-content\/uploads\/2022\/09\/marketing-digital.png\u00bb font_icon_tablet=\u00bb\u00bb font_icon_phone=\u00bb\u00bb font_icon_last_edited=\u00bbon|desktop\u00bb _builder_version=\u00bb4.5.3&#8243; header_font=\u00bbPoppins|700||on|||||\u00bb header_text_color=\u00bb#2d3a50&#8243; header_font_size=\u00bb14px\u00bb header_letter_spacing=\u00bb1px\u00bb body_font=\u00bbPoppins||||||||\u00bb body_letter_spacing=\u00bb1px\u00bb body_line_height=\u00bb1.8em\u00bb text_orientation=\u00bbcenter\u00bb animation_style=\u00bbzoom\u00bb animation_intensity_zoom=\u00bb30%\u00bb animation=\u00bboff\u00bb border_style_all=\u00bbdashed\u00bb global_module=\u00bb1531&#8243; saved_tabs=\u00bball\u00bb locked=\u00bboff\u00bb]<\/p>\n<h4 class=\"et_pb_module_header et-fb-editable-element et-fb-editable-element__editing\" data-shortcode-id=\"1.1.1.0-1662732757083\" data-quickaccess-id=\"header\">marketing digital<\/h4>\n<div style=\"overflow: hidden;padding-bottom: 2px;height: 24px;width: 634px;font-style: normal;font-variant: normal;font-weight: bold;font-size: 16px;font-family: Georgia, 'Times New Roman', 'Bitstream Charter', Times, serif;text-align: start;text-transform: none;letter-spacing: normal\"><\/div>\n<p>Inbound Marketing, Social Media, SEO, elaboraci\u00f3n de contenidos<\/p>\n<p>[\/et_pb_blurb][\/et_pb_column][et_pb_column type=\u00bb1_3&#8243; _builder_version=\u00bb4.5.3&#8243; _module_preset=\u00bbdefault\u00bb][et_pb_blurb title=\u00bbeventos\u00bb image=\u00bbhttps:\/\/www.perama.es\/wp-content\/uploads\/2022\/09\/10-pasos-organizar-evento-corporativo.jpg\u00bb _builder_version=\u00bb4.5.3&#8243; header_font=\u00bbPoppins|700||on|||||\u00bb header_text_color=\u00bb#2d3a50&#8243; header_font_size=\u00bb14px\u00bb header_letter_spacing=\u00bb1px\u00bb body_font=\u00bbPoppins||||||||\u00bb body_letter_spacing=\u00bb1px\u00bb body_line_height=\u00bb1.8em\u00bb text_orientation=\u00bbcenter\u00bb animation_style=\u00bbzoom\u00bb animation_intensity_zoom=\u00bb30%\u00bb animation=\u00bboff\u00bb border_style_all=\u00bbdashed\u00bb locked=\u00bboff\u00bb]<\/p>\n<p>Planificaci\u00f3n y ejecuci\u00f3n de eventos corporativos<\/p>\n<p>[\/et_pb_blurb][\/et_pb_column][et_pb_column type=\u00bb1_3&#8243; _builder_version=\u00bb4.5.3&#8243; _module_preset=\u00bbdefault\u00bb][et_pb_blurb title=\u00bbformaci\u00f3n \u00bb image=\u00bbhttps:\/\/www.perama.es\/wp-content\/uploads\/2022\/09\/formacion-in-company.jpg\u00bb _builder_version=\u00bb4.5.3&#8243; header_font=\u00bbPoppins|700||on|||||\u00bb header_text_color=\u00bb#2d3a50&#8243; header_font_size=\u00bb14px\u00bb header_letter_spacing=\u00bb1px\u00bb body_font=\u00bbPoppins||||||||\u00bb body_letter_spacing=\u00bb1px\u00bb body_line_height=\u00bb1.8em\u00bb text_orientation=\u00bbcenter\u00bb min_height=\u00bb300.5px\u00bb animation_style=\u00bbzoom\u00bb animation_intensity_zoom=\u00bb30%\u00bb animation=\u00bboff\u00bb border_style_all=\u00bbdashed\u00bb locked=\u00bboff\u00bb]<\/p>\n<p>Impartimos formaci\u00f3n a medida en liderazgo, habilidades de comunicaci\u00f3n y gesti\u00f3n de equipos<\/p>\n<p>[\/et_pb_blurb][\/et_pb_column][\/et_pb_row][\/et_pb_section][et_pb_section fb_built=\u00bb1&#8243; fullwidth=\u00bbon\u00bb _builder_version=\u00bb4.5.3&#8243; _module_preset=\u00bbdefault\u00bb][\/et_pb_section][et_pb_section fb_built=\u00bb1&#8243; fullwidth=\u00bbon\u00bb _builder_version=\u00bb4.5.3&#8243; _module_preset=\u00bbdefault\u00bb][\/et_pb_section]<\/p>\n","protected":false},"excerpt":{"rendered":"<p>[et_pb_section fb_built=\u00bb1&#8243; fullwidth=\u00bbon\u00bb admin_label=\u00bbHero Section\u00bb _builder_version=\u00bb4.5.3&#8243; background_image=\u00bbhttps:\/\/www.perama.es\/wp-content\/uploads\/2020\/05\/piranha-v.jpg\u00bb parallax=\u00bbon\u00bb custom_padding=\u00bb0px|0px|0|0px|false|false\u00bb][et_pb_fullwidth_header title=\u00bbSErvicios\u00bb subhead=\u00bbAcompa\u00f1amos a las empresas de la Industria de Defensa \u00bb background_overlay_color=\u00bbrgba(45,58,80,0.9)\u00bb image_orientation=\u00bbbottom\u00bb content_max_width=\u00bb750px\u00bb _builder_version=\u00bb4.5.3&#8243; title_font=\u00bbPoppins|700||on|||||\u00bb title_text_color=\u00bb#edbb5f\u00bb title_font_size=\u00bb31px\u00bb title_letter_spacing=\u00bb2px\u00bb title_line_height=\u00bb1.9em\u00bb content_font=\u00bbPoppins||||||||\u00bb content_font_size=\u00bb16px\u00bb content_letter_spacing=\u00bb1px\u00bb content_line_height=\u00bb2em\u00bb subhead_font=\u00bbPlayfair Display|700|||||||\u00bb subhead_text_align=\u00bbleft\u00bb subhead_font_size=\u00bb42px\u00bb subhead_line_height=\u00bb1.3em\u00bb background_color=\u00bbrgba(255,255,255,0)\u00bb background_image=\u00bbhttps:\/\/www.perama.es\/wp-content\/uploads\/2022\/09\/Picture2-1024&#215;694.jpg\u00bb custom_button_one=\u00bbon\u00bb button_one_border_width=\u00bb1px\u00bb button_one_border_color=\u00bbrgba(255,255,255,0.3)\u00bb button_one_border_radius=\u00bb0px\u00bb button_one_letter_spacing=\u00bb1px\u00bb button_one_font=\u00bbSaira Extra Condensed|600||on|||||\u00bb button_one_icon=\u00bb%%3%%\u00bb button_one_icon_color=\u00bb#edbb5f\u00bb custom_button_two=\u00bbon\u00bb button_two_border_width=\u00bb1px\u00bb button_two_border_color=\u00bbrgba(255,255,255,0.3)\u00bb button_two_border_radius=\u00bb0px\u00bb button_two_letter_spacing=\u00bb1px\u00bb [&hellip;]<\/p>\n","protected":false},"author":99,"featured_media":0,"parent":0,"menu_order":3,"comment_status":"closed","ping_status":"closed","template":"","meta":{"_et_pb_use_builder":"on","_et_pb_old_content":"","_et_gb_content_width":"","footnotes":""},"class_list":["post-1554","page","type-page","status-publish","hentry"],"yoast_head":"<!-- This site is optimized with the Yoast SEO plugin v27.3 - https:\/\/yoast.com\/product\/yoast-seo-wordpress\/ -->\n<title>SERVICIOS - Perama<\/title>\n<meta name=\"robots\" content=\"index, follow, max-snippet:-1, max-image-preview:large, max-video-preview:-1\" \/>\n<link rel=\"canonical\" href=\"https:\/\/www.perama.es\/en\/servicios\/\" \/>\n<meta property=\"og:locale\" content=\"en_US\" \/>\n<meta property=\"og:type\" content=\"article\" \/>\n<meta property=\"og:title\" content=\"SERVICIOS - Perama\" \/>\n<meta property=\"og:description\" content=\"[et_pb_section fb_built=\u00bb1&#8243; fullwidth=\u00bbon\u00bb admin_label=\u00bbHero Section\u00bb _builder_version=\u00bb4.5.3&#8243; background_image=\u00bbhttps:\/\/www.perama.es\/wp-content\/uploads\/2020\/05\/piranha-v.jpg\u00bb parallax=\u00bbon\u00bb custom_padding=\u00bb0px|0px|0|0px|false|false\u00bb][et_pb_fullwidth_header title=\u00bbSErvicios\u00bb subhead=\u00bbAcompa\u00f1amos a las empresas de la Industria de Defensa \u00bb background_overlay_color=\u00bbrgba(45,58,80,0.9)\u00bb image_orientation=\u00bbbottom\u00bb content_max_width=\u00bb750px\u00bb _builder_version=\u00bb4.5.3&#8243; title_font=\u00bbPoppins|700||on|||||\u00bb title_text_color=\u00bb#edbb5f\u00bb title_font_size=\u00bb31px\u00bb title_letter_spacing=\u00bb2px\u00bb title_line_height=\u00bb1.9em\u00bb content_font=\u00bbPoppins||||||||\u00bb content_font_size=\u00bb16px\u00bb content_letter_spacing=\u00bb1px\u00bb content_line_height=\u00bb2em\u00bb subhead_font=\u00bbPlayfair Display|700|||||||\u00bb subhead_text_align=\u00bbleft\u00bb subhead_font_size=\u00bb42px\u00bb subhead_line_height=\u00bb1.3em\u00bb background_color=\u00bbrgba(255,255,255,0)\u00bb background_image=\u00bbhttps:\/\/www.perama.es\/wp-content\/uploads\/2022\/09\/Picture2-1024&#215;694.jpg\u00bb custom_button_one=\u00bbon\u00bb button_one_border_width=\u00bb1px\u00bb button_one_border_color=\u00bbrgba(255,255,255,0.3)\u00bb button_one_border_radius=\u00bb0px\u00bb button_one_letter_spacing=\u00bb1px\u00bb button_one_font=\u00bbSaira Extra Condensed|600||on|||||\u00bb button_one_icon=\u00bb\u00bb button_one_icon_color=\u00bb#edbb5f\u00bb custom_button_two=\u00bbon\u00bb button_two_border_width=\u00bb1px\u00bb button_two_border_color=\u00bbrgba(255,255,255,0.3)\u00bb button_two_border_radius=\u00bb0px\u00bb button_two_letter_spacing=\u00bb1px\u00bb [&hellip;]\" \/>\n<meta property=\"og:url\" content=\"https:\/\/www.perama.es\/en\/servicios\/\" \/>\n<meta property=\"og:site_name\" content=\"Perama\" \/>\n<meta property=\"article:modified_time\" content=\"2023-03-24T17:01:56+00:00\" \/>\n<meta name=\"twitter:card\" content=\"summary_large_image\" \/>\n<meta name=\"twitter:label1\" content=\"Est. reading time\" \/>\n\t<meta name=\"twitter:data1\" content=\"6 minutes\" \/>\n<script type=\"application\/ld+json\" class=\"yoast-schema-graph\">{\"@context\":\"https:\\\/\\\/schema.org\",\"@graph\":[{\"@type\":\"WebPage\",\"@id\":\"https:\\\/\\\/www.perama.es\\\/servicios\\\/\",\"url\":\"https:\\\/\\\/www.perama.es\\\/servicios\\\/\",\"name\":\"SERVICIOS - Perama\",\"isPartOf\":{\"@id\":\"https:\\\/\\\/www.perama.es\\\/#website\"},\"datePublished\":\"2022-09-09T14:05:43+00:00\",\"dateModified\":\"2023-03-24T17:01:56+00:00\",\"breadcrumb\":{\"@id\":\"https:\\\/\\\/www.perama.es\\\/servicios\\\/#breadcrumb\"},\"inLanguage\":\"en-US\",\"potentialAction\":[{\"@type\":\"ReadAction\",\"target\":[\"https:\\\/\\\/www.perama.es\\\/servicios\\\/\"]}]},{\"@type\":\"BreadcrumbList\",\"@id\":\"https:\\\/\\\/www.perama.es\\\/servicios\\\/#breadcrumb\",\"itemListElement\":[{\"@type\":\"ListItem\",\"position\":1,\"name\":\"Portada\",\"item\":\"https:\\\/\\\/www.perama.es\\\/\"},{\"@type\":\"ListItem\",\"position\":2,\"name\":\"SERVICIOS\"}]},{\"@type\":\"WebSite\",\"@id\":\"https:\\\/\\\/www.perama.es\\\/#website\",\"url\":\"https:\\\/\\\/www.perama.es\\\/\",\"name\":\"Perama\",\"description\":\"Expertos en Catalogaci\u00f3n Otan\",\"publisher\":{\"@id\":\"https:\\\/\\\/www.perama.es\\\/#organization\"},\"potentialAction\":[{\"@type\":\"SearchAction\",\"target\":{\"@type\":\"EntryPoint\",\"urlTemplate\":\"https:\\\/\\\/www.perama.es\\\/?s={search_term_string}\"},\"query-input\":{\"@type\":\"PropertyValueSpecification\",\"valueRequired\":true,\"valueName\":\"search_term_string\"}}],\"inLanguage\":\"en-US\"},{\"@type\":\"Organization\",\"@id\":\"https:\\\/\\\/www.perama.es\\\/#organization\",\"name\":\"Distribuciones y Representaciones PERAMA S.L.\",\"url\":\"https:\\\/\\\/www.perama.es\\\/\",\"logo\":{\"@type\":\"ImageObject\",\"inLanguage\":\"en-US\",\"@id\":\"https:\\\/\\\/www.perama.es\\\/#\\\/schema\\\/logo\\\/image\\\/\",\"url\":\"https:\\\/\\\/www.perama.es\\\/wp-content\\\/uploads\\\/2020\\\/05\\\/Anillos-cuadradost.png\",\"contentUrl\":\"https:\\\/\\\/www.perama.es\\\/wp-content\\\/uploads\\\/2020\\\/05\\\/Anillos-cuadradost.png\",\"width\":836,\"height\":836,\"caption\":\"Distribuciones y Representaciones PERAMA S.L.\"},\"image\":{\"@id\":\"https:\\\/\\\/www.perama.es\\\/#\\\/schema\\\/logo\\\/image\\\/\"}}]}<\/script>\n<!-- \/ Yoast SEO plugin. -->","yoast_head_json":{"title":"SERVICIOS - Perama","robots":{"index":"index","follow":"follow","max-snippet":"max-snippet:-1","max-image-preview":"max-image-preview:large","max-video-preview":"max-video-preview:-1"},"canonical":"https:\/\/www.perama.es\/en\/servicios\/","og_locale":"en_US","og_type":"article","og_title":"SERVICIOS - Perama","og_description":"[et_pb_section fb_built=\u00bb1&#8243; fullwidth=\u00bbon\u00bb admin_label=\u00bbHero Section\u00bb _builder_version=\u00bb4.5.3&#8243; background_image=\u00bbhttps:\/\/www.perama.es\/wp-content\/uploads\/2020\/05\/piranha-v.jpg\u00bb parallax=\u00bbon\u00bb custom_padding=\u00bb0px|0px|0|0px|false|false\u00bb][et_pb_fullwidth_header title=\u00bbSErvicios\u00bb subhead=\u00bbAcompa\u00f1amos a las empresas de la Industria de Defensa \u00bb background_overlay_color=\u00bbrgba(45,58,80,0.9)\u00bb image_orientation=\u00bbbottom\u00bb content_max_width=\u00bb750px\u00bb _builder_version=\u00bb4.5.3&#8243; title_font=\u00bbPoppins|700||on|||||\u00bb title_text_color=\u00bb#edbb5f\u00bb title_font_size=\u00bb31px\u00bb title_letter_spacing=\u00bb2px\u00bb title_line_height=\u00bb1.9em\u00bb content_font=\u00bbPoppins||||||||\u00bb content_font_size=\u00bb16px\u00bb content_letter_spacing=\u00bb1px\u00bb content_line_height=\u00bb2em\u00bb subhead_font=\u00bbPlayfair Display|700|||||||\u00bb subhead_text_align=\u00bbleft\u00bb subhead_font_size=\u00bb42px\u00bb subhead_line_height=\u00bb1.3em\u00bb background_color=\u00bbrgba(255,255,255,0)\u00bb background_image=\u00bbhttps:\/\/www.perama.es\/wp-content\/uploads\/2022\/09\/Picture2-1024&#215;694.jpg\u00bb custom_button_one=\u00bbon\u00bb button_one_border_width=\u00bb1px\u00bb button_one_border_color=\u00bbrgba(255,255,255,0.3)\u00bb button_one_border_radius=\u00bb0px\u00bb button_one_letter_spacing=\u00bb1px\u00bb button_one_font=\u00bbSaira Extra Condensed|600||on|||||\u00bb button_one_icon=\u00bb\u00bb button_one_icon_color=\u00bb#edbb5f\u00bb custom_button_two=\u00bbon\u00bb button_two_border_width=\u00bb1px\u00bb button_two_border_color=\u00bbrgba(255,255,255,0.3)\u00bb button_two_border_radius=\u00bb0px\u00bb button_two_letter_spacing=\u00bb1px\u00bb [&hellip;]","og_url":"https:\/\/www.perama.es\/en\/servicios\/","og_site_name":"Perama","article_modified_time":"2023-03-24T17:01:56+00:00","twitter_card":"summary_large_image","twitter_misc":{"Est. reading time":"6 minutes"},"schema":{"@context":"https:\/\/schema.org","@graph":[{"@type":"WebPage","@id":"https:\/\/www.perama.es\/servicios\/","url":"https:\/\/www.perama.es\/servicios\/","name":"SERVICIOS - Perama","isPartOf":{"@id":"https:\/\/www.perama.es\/#website"},"datePublished":"2022-09-09T14:05:43+00:00","dateModified":"2023-03-24T17:01:56+00:00","breadcrumb":{"@id":"https:\/\/www.perama.es\/servicios\/#breadcrumb"},"inLanguage":"en-US","potentialAction":[{"@type":"ReadAction","target":["https:\/\/www.perama.es\/servicios\/"]}]},{"@type":"BreadcrumbList","@id":"https:\/\/www.perama.es\/servicios\/#breadcrumb","itemListElement":[{"@type":"ListItem","position":1,"name":"Portada","item":"https:\/\/www.perama.es\/"},{"@type":"ListItem","position":2,"name":"SERVICIOS"}]},{"@type":"WebSite","@id":"https:\/\/www.perama.es\/#website","url":"https:\/\/www.perama.es\/","name":"Perama","description":"Expertos en Catalogaci\u00f3n Otan","publisher":{"@id":"https:\/\/www.perama.es\/#organization"},"potentialAction":[{"@type":"SearchAction","target":{"@type":"EntryPoint","urlTemplate":"https:\/\/www.perama.es\/?s={search_term_string}"},"query-input":{"@type":"PropertyValueSpecification","valueRequired":true,"valueName":"search_term_string"}}],"inLanguage":"en-US"},{"@type":"Organization","@id":"https:\/\/www.perama.es\/#organization","name":"Distribuciones y Representaciones PERAMA S.L.","url":"https:\/\/www.perama.es\/","logo":{"@type":"ImageObject","inLanguage":"en-US","@id":"https:\/\/www.perama.es\/#\/schema\/logo\/image\/","url":"https:\/\/www.perama.es\/wp-content\/uploads\/2020\/05\/Anillos-cuadradost.png","contentUrl":"https:\/\/www.perama.es\/wp-content\/uploads\/2020\/05\/Anillos-cuadradost.png","width":836,"height":836,"caption":"Distribuciones y Representaciones PERAMA S.L."},"image":{"@id":"https:\/\/www.perama.es\/#\/schema\/logo\/image\/"}}]}},"_links":{"self":[{"href":"https:\/\/www.perama.es\/en\/wp-json\/wp\/v2\/pages\/1554","targetHints":{"allow":["GET"]}}],"collection":[{"href":"https:\/\/www.perama.es\/en\/wp-json\/wp\/v2\/pages"}],"about":[{"href":"https:\/\/www.perama.es\/en\/wp-json\/wp\/v2\/types\/page"}],"author":[{"embeddable":true,"href":"https:\/\/www.perama.es\/en\/wp-json\/wp\/v2\/users\/99"}],"replies":[{"embeddable":true,"href":"https:\/\/www.perama.es\/en\/wp-json\/wp\/v2\/comments?post=1554"}],"version-history":[{"count":12,"href":"https:\/\/www.perama.es\/en\/wp-json\/wp\/v2\/pages\/1554\/revisions"}],"predecessor-version":[{"id":1642,"href":"https:\/\/www.perama.es\/en\/wp-json\/wp\/v2\/pages\/1554\/revisions\/1642"}],"wp:attachment":[{"href":"https:\/\/www.perama.es\/en\/wp-json\/wp\/v2\/media?parent=1554"}],"curies":[{"name":"wp","href":"https:\/\/api.w.org\/{rel}","templated":true}]}}