{"id":1700,"date":"2023-02-03T12:17:08","date_gmt":"2023-02-03T12:17:08","guid":{"rendered":"https:\/\/www.perama.es\/?page_id=1700"},"modified":"2023-03-24T01:47:05","modified_gmt":"2023-03-24T01:47:05","slug":"blog","status":"publish","type":"page","link":"https:\/\/www.perama.es\/en\/blog\/","title":{"rendered":"Blog"},"content":{"rendered":"<p>[et_pb_section fb_built=\u00bb1&#8243; fullwidth=\u00bbon\u00bb _builder_version=\u00bb4.5.3&#8243; _module_preset=\u00bbdefault\u00bb][et_pb_fullwidth_header title=\u00bbBLOG \u00bb background_overlay_color=\u00bbrgba(45,58,80,0.9)\u00bb image_orientation=\u00bbbottom\u00bb content_max_width=\u00bb550px\u00bb _builder_version=\u00bb4.5.3&#8243; title_font=\u00bbPoppins|700||on|||||\u00bb title_text_color=\u00bb#edbb5f\u00bb title_font_size=\u00bb63px\u00bb title_letter_spacing=\u00bb2px\u00bb title_line_height=\u00bb1.4em\u00bb content_font=\u00bbPoppins||||||||\u00bb content_font_size=\u00bb21px\u00bb content_letter_spacing=\u00bb1px\u00bb content_line_height=\u00bb2em\u00bb subhead_font=\u00bbPlayfair Display|700||on|||||\u00bb subhead_font_size=\u00bb48px\u00bb subhead_letter_spacing=\u00bb3px\u00bb subhead_line_height=\u00bb1.4em\u00bb background_color=\u00bbrgba(255,255,255,0)\u00bb background_image=\u00bbhttps:\/\/www.perama.es\/wp-content\/uploads\/2022\/09\/Picture3.jpg\u00bb custom_button_one=\u00bbon\u00bb button_one_border_width=\u00bb1px\u00bb button_one_border_color=\u00bbrgba(255,255,255,0.3)\u00bb button_one_border_radius=\u00bb0px\u00bb button_one_letter_spacing=\u00bb1px\u00bb button_one_font=\u00bbSaira Extra Condensed|600||on|||||\u00bb button_one_icon=\u00bb%%3%%\u00bb button_one_icon_color=\u00bb#edbb5f\u00bb custom_button_two=\u00bbon\u00bb button_two_border_width=\u00bb1px\u00bb button_two_border_color=\u00bbrgba(255,255,255,0.3)\u00bb button_two_border_radius=\u00bb0px\u00bb button_two_letter_spacing=\u00bb1px\u00bb button_two_font=\u00bbSaira Extra Condensed|600||on|||||\u00bb button_two_icon=\u00bb%%3%%\u00bb button_two_icon_color=\u00bb#edbb5f\u00bb width=\u00bb100%\u00bb max_width=\u00bb100%\u00bb module_alignment=\u00bbright\u00bb min_height=\u00bb462px\u00bb height=\u00bb537px\u00bb max_height=\u00bb1000px\u00bb custom_margin=\u00bb||-97px|||\u00bb custom_padding=\u00bb8%||8%|\u00bb title_font_size_tablet=\u00bb\u00bb title_font_size_phone=\u00bb14px\u00bb title_font_size_last_edited=\u00bbon|phone\u00bb subhead_font_size_tablet=\u00bb\u00bb subhead_font_size_phone=\u00bb40px\u00bb subhead_font_size_last_edited=\u00bbon|phone\u00bb button_one_text_color_hover=\u00bb#edbb5f\u00bb button_two_text_color_hover=\u00bb#edbb5f\u00bb button_one_bg_color_hover=\u00bbrgba(0,0,0,0)\u00bb button_two_bg_color_hover=\u00bbrgba(0,0,0,0)\u00bb button_one_text_size__hover_enabled=\u00bboff\u00bb button_two_text_size__hover_enabled=\u00bboff\u00bb button_one_text_color__hover_enabled=\u00bbon\u00bb button_one_text_color__hover=\u00bb#edbb5f\u00bb button_two_text_color__hover_enabled=\u00bbon\u00bb button_two_text_color__hover=\u00bb#edbb5f\u00bb button_one_border_width__hover_enabled=\u00bboff\u00bb button_two_border_width__hover_enabled=\u00bboff\u00bb button_one_border_color__hover_enabled=\u00bboff\u00bb button_two_border_color__hover_enabled=\u00bboff\u00bb button_one_border_radius__hover_enabled=\u00bboff\u00bb button_two_border_radius__hover_enabled=\u00bboff\u00bb button_one_letter_spacing__hover_enabled=\u00bboff\u00bb button_two_letter_spacing__hover_enabled=\u00bboff\u00bb button_one_bg_color__hover_enabled=\u00bbon\u00bb button_one_bg_color__hover=\u00bbrgba(0,0,0,0)\u00bb button_two_bg_color__hover_enabled=\u00bbon\u00bb button_two_bg_color__hover=\u00bbrgba(0,0,0,0)\u00bb][\/et_pb_fullwidth_header][\/et_pb_section][et_pb_section fb_built=\u00bb1&#8243; fullwidth=\u00bbon\u00bb _builder_version=\u00bb4.5.3&#8243; _module_preset=\u00bbdefault\u00bb][\/et_pb_section][et_pb_section fb_built=\u00bb1&#8243; _builder_version=\u00bb4.5.3&#8243; _module_preset=\u00bbdefault\u00bb custom_padding=\u00bb88px|||||\u00bb][et_pb_row column_structure=\u00bb3_5,2_5&#8243; _builder_version=\u00bb4.5.3&#8243; _module_preset=\u00bbdefault\u00bb custom_padding=\u00bb|0px||0px||\u00bb][et_pb_column type=\u00bb3_5&#8243; _builder_version=\u00bb4.5.3&#8243; _module_preset=\u00bbdefault\u00bb][et_pb_blog include_categories=\u00bball\u00bb show_more=\u00bbon\u00bb _builder_version=\u00bb4.5.3&#8243; _module_preset=\u00bbdefault\u00bb width=\u00bb100%\u00bb custom_margin=\u00bb|-27px|113px|||\u00bb custom_padding=\u00bb|0px|83px|||\u00bb hover_enabled=\u00bb0&#8243; excerpt_length=\u00bb300&#8243;][\/et_pb_blog][et_pb_sidebar _builder_version=\u00bb4.5.3&#8243; _module_preset=\u00bbdefault\u00bb][\/et_pb_sidebar][\/et_pb_column][et_pb_column type=\u00bb2_5&#8243; _builder_version=\u00bb4.5.3&#8243; _module_preset=\u00bbdefault\u00bb][et_pb_image src=\u00bbhttps:\/\/www.perama.es\/wp-content\/uploads\/2022\/09\/Picture3.jpg\u00bb title_text=\u00bbPicture3&#8243; _builder_version=\u00bb4.5.3&#8243; _module_preset=\u00bbdefault\u00bb][\/et_pb_image][\/et_pb_column][\/et_pb_row][\/et_pb_section]<\/p>\n","protected":false},"excerpt":{"rendered":"<p>[et_pb_section fb_built=\u00bb1&#8243; fullwidth=\u00bbon\u00bb _builder_version=\u00bb4.5.3&#8243; _module_preset=\u00bbdefault\u00bb][et_pb_fullwidth_header title=\u00bbBLOG \u00bb background_overlay_color=\u00bbrgba(45,58,80,0.9)\u00bb image_orientation=\u00bbbottom\u00bb content_max_width=\u00bb550px\u00bb _builder_version=\u00bb4.5.3&#8243; title_font=\u00bbPoppins|700||on|||||\u00bb title_text_color=\u00bb#edbb5f\u00bb title_font_size=\u00bb63px\u00bb title_letter_spacing=\u00bb2px\u00bb title_line_height=\u00bb1.4em\u00bb content_font=\u00bbPoppins||||||||\u00bb content_font_size=\u00bb21px\u00bb content_letter_spacing=\u00bb1px\u00bb content_line_height=\u00bb2em\u00bb subhead_font=\u00bbPlayfair Display|700||on|||||\u00bb subhead_font_size=\u00bb48px\u00bb subhead_letter_spacing=\u00bb3px\u00bb subhead_line_height=\u00bb1.4em\u00bb background_color=\u00bbrgba(255,255,255,0)\u00bb background_image=\u00bbhttps:\/\/www.perama.es\/wp-content\/uploads\/2022\/09\/Picture3.jpg\u00bb custom_button_one=\u00bbon\u00bb button_one_border_width=\u00bb1px\u00bb button_one_border_color=\u00bbrgba(255,255,255,0.3)\u00bb button_one_border_radius=\u00bb0px\u00bb button_one_letter_spacing=\u00bb1px\u00bb button_one_font=\u00bbSaira Extra Condensed|600||on|||||\u00bb button_one_icon=\u00bb%%3%%\u00bb button_one_icon_color=\u00bb#edbb5f\u00bb custom_button_two=\u00bbon\u00bb button_two_border_width=\u00bb1px\u00bb button_two_border_color=\u00bbrgba(255,255,255,0.3)\u00bb button_two_border_radius=\u00bb0px\u00bb button_two_letter_spacing=\u00bb1px\u00bb button_two_font=\u00bbSaira Extra Condensed|600||on|||||\u00bb button_two_icon=\u00bb%%3%%\u00bb button_two_icon_color=\u00bb#edbb5f\u00bb width=\u00bb100%\u00bb max_width=\u00bb100%\u00bb module_alignment=\u00bbright\u00bb min_height=\u00bb462px\u00bb height=\u00bb537px\u00bb max_height=\u00bb1000px\u00bb custom_margin=\u00bb||-97px|||\u00bb custom_padding=\u00bb8%||8%|\u00bb [&hellip;]<\/p>\n","protected":false},"author":99,"featured_media":0,"parent":0,"menu_order":5,"comment_status":"closed","ping_status":"closed","template":"","meta":{"_et_pb_use_builder":"on","_et_pb_old_content":"<!-- wp:divi\/layout -->\n<div class=\"wp-block-divi-layout\">[et_pb_section fb_built=\"1\" fullwidth=\"on\" admin_label=\"Hero Section\" _builder_version=\"4.5.3\" background_image=\"https:\/\/www.perama.es\/wp-content\/uploads\/2020\/05\/piranha-v.jpg\" parallax=\"on\" custom_padding=\"0px|0px|0|0px|false|false\"][et_pb_fullwidth_header title=\"\u00bfqu\u00e9 es PERAMA?\" subhead=\"Somos una empresa multidisciplinar formada por civiles y militares con gran experiencia en la interacci\u00f3n con las Fuerzas Armadas y el Ministerio de Defensa.\" background_overlay_color=\"rgba(45,58,80,0.9)\" image_orientation=\"bottom\" content_max_width=\"750px\" _builder_version=\"4.5.3\" title_font=\"Poppins|700||on|||||\" title_text_color=\"#edbb5f\" title_font_size=\"31px\" title_letter_spacing=\"2px\" title_line_height=\"1.9em\" content_font=\"Poppins||||||||\" content_font_size=\"16px\" content_letter_spacing=\"1px\" content_line_height=\"2em\" subhead_font=\"Playfair Display|700|||||||\" subhead_text_align=\"left\" subhead_font_size=\"42px\" subhead_line_height=\"1.3em\" background_color=\"rgba(255,255,255,0)\" background_image=\"https:\/\/www.perama.es\/wp-content\/uploads\/2022\/09\/Picture2-1024x694.jpg\" custom_button_one=\"on\" button_one_border_width=\"1px\" button_one_border_color=\"rgba(255,255,255,0.3)\" button_one_border_radius=\"0px\" button_one_letter_spacing=\"1px\" button_one_font=\"Saira Extra Condensed|600||on|||||\" button_one_icon=\"%%3%%\" button_one_icon_color=\"#edbb5f\" custom_button_two=\"on\" button_two_border_width=\"1px\" button_two_border_color=\"rgba(255,255,255,0.3)\" button_two_border_radius=\"0px\" button_two_letter_spacing=\"1px\" button_two_font=\"Saira Extra Condensed|600||on|||||\" button_two_icon=\"%%3%%\" button_two_icon_color=\"#edbb5f\" width=\"100%\" module_alignment=\"left\" min_height=\"666px\" height=\"683px\" max_height=\"1000px\" custom_margin=\"|||\" custom_padding=\"8%||8%|\" button_one_text_color_hover=\"#edbb5f\" button_two_text_color_hover=\"#edbb5f\" button_one_bg_color_hover=\"rgba(0,0,0,0)\" button_two_bg_color_hover=\"rgba(0,0,0,0)\" button_one_text_size__hover_enabled=\"off\" button_two_text_size__hover_enabled=\"off\" button_one_text_color__hover_enabled=\"on\" button_one_text_color__hover=\"#edbb5f\" button_two_text_color__hover_enabled=\"on\" button_two_text_color__hover=\"#edbb5f\" button_one_border_width__hover_enabled=\"off\" button_two_border_width__hover_enabled=\"off\" button_one_border_color__hover_enabled=\"off\" button_two_border_color__hover_enabled=\"off\" button_one_border_radius__hover_enabled=\"off\" button_two_border_radius__hover_enabled=\"off\" button_one_letter_spacing__hover_enabled=\"off\" button_two_letter_spacing__hover_enabled=\"off\" button_one_bg_color__hover_enabled=\"on\" button_one_bg_color__hover=\"rgba(0,0,0,0)\" button_two_bg_color__hover_enabled=\"on\" button_two_bg_color__hover=\"rgba(0,0,0,0)\"][\/et_pb_fullwidth_header][\/et_pb_section][et_pb_section fb_built=\"1\" admin_label=\"Statistics\" _builder_version=\"4.5.3\" _module_preset=\"8443af79-cf34-42f5-bcd5-5046f2b215e4\" min_height=\"361.1px\" custom_margin=\"-1px|||||\" custom_padding=\"150px|0px|150px|0px|false|false\"][et_pb_row _builder_version=\"4.5.3\" module_alignment=\"center\" custom_margin=\"-29px|auto||auto||\" custom_padding=\"0|0px|50px|0px|false|false\"][et_pb_column type=\"4_4\" _builder_version=\"3.25\" custom_padding=\"|||\" custom_padding__hover=\"|||\"][et_pb_text _builder_version=\"4.5.3\" text_font=\"||||||||\" header_font=\"||||||||\" header_2_font=\"Playfair Display|700|||||||\" header_2_font_size=\"38px\" header_2_letter_spacing=\"1px\" header_2_line_height=\"1.4em\" header_3_font=\"Poppins|700||on|||||\" header_3_text_color=\"#edbb5f\" header_3_font_size=\"14px\" header_3_letter_spacing=\"1px\" header_3_line_height=\"2em\" text_orientation=\"center\" max_width=\"1190px\" custom_padding=\"0px|||||\" locked=\"off\"]<h3 style=\"text-align: center\"><span style=\"color: #9fa9b2\">\u00bfcu\u00e1l es nuestro objetivo?<\/span><\/h3>\n<h2><span>Apoyar a las empresas de la Industria de Defensa<\/span><\/h2>[\/et_pb_text][et_pb_divider divider_weight=\"2px\" _builder_version=\"3.14\" max_width=\"60px\" module_alignment=\"center\" height=\"2px\" locked=\"off\"][\/et_pb_divider][\/et_pb_column][\/et_pb_row][et_pb_row column_structure=\"1_3,1_3,1_3\" _builder_version=\"4.5.3\" _module_preset=\"default\" hover_enabled=\"0\"][et_pb_column type=\"1_3\" _builder_version=\"4.5.3\" _module_preset=\"default\"][et_pb_blurb title=\"VISI\u00d3N\" image=\"https:\/\/www.perama.es\/wp-content\/uploads\/2022\/09\/vision-150x150.png\" _builder_version=\"4.5.3\" _module_preset=\"default\" hover_enabled=\"0\" header_text_align=\"center\" title_text=\"vision\" border_radii_image=\"on|7px|7px|7px|7px\" header_text_color=\"#e09900\" header_font_size=\"26px\"]<p style=\"text-align: center\">Apoyar a la Industria de Defensa\u00a0<span class=\"JsGRdQ\">para asegurar que nuestras Fuerzas Armadas tienen el mejor apoyo log\u00edstico posible<\/span><span class=\"JsGRdQ white-space-prewrap\"> <\/span><\/p>\n[\/et_pb_blurb][\/et_pb_column][et_pb_column type=\"1_3\" _builder_version=\"4.5.3\" _module_preset=\"default\"][et_pb_blurb title=\"MISI\u00d3N\" image=\"https:\/\/www.perama.es\/wp-content\/uploads\/2022\/09\/mision-150x150.png\" _builder_version=\"4.5.3\" _module_preset=\"default\" header_text_align=\"center\" hover_enabled=\"0\" title_text=\"mision\" border_radii_image=\"on|20px|20px|20px|20px\" header_text_color=\"#e09900\" header_font_size=\"26px\"]<p><span class=\"JsGRdQ\">Convertir la Catalogaci\u00f3n OTAN en un tr\u00e1mite sencillo y r\u00e1pido para nuestros clientes<\/span><\/p>\n[\/et_pb_blurb][\/et_pb_column][et_pb_column type=\"1_3\" _builder_version=\"4.5.3\" _module_preset=\"default\"][et_pb_blurb title=\"VALORES\" image=\"https:\/\/www.perama.es\/wp-content\/uploads\/2022\/09\/coraje-150x150.png\" _builder_version=\"4.5.3\" _module_preset=\"default\" hover_enabled=\"0\" header_text_align=\"center\" title_text=\"coraje\" border_radii_image=\"on|7px|7px|7px|7px\" header_text_color=\"#e09900\" header_font_size=\"26px\"]<p>Compromiso con el cliente, esp\u00edritu de servicio, creatividad, adaptaci\u00f3n al cambio, liderazgo y trabajo en equipo\u00a0<\/p>\n[\/et_pb_blurb][\/et_pb_column][\/et_pb_row][\/et_pb_section][et_pb_section fb_built=\"1\" fullwidth=\"on\" _builder_version=\"4.5.3\" _module_preset=\"default\"][et_pb_fullwidth_header title=\"nuestra filosof\u00eda\" background_overlay_color=\"rgba(45,58,80,0.9)\" image_orientation=\"bottom\" content_max_width=\"550px\" _builder_version=\"4.5.3\" title_font=\"Poppins|700||on|||||\" title_text_color=\"#edbb5f\" title_font_size=\"38px\" title_letter_spacing=\"2px\" title_line_height=\"1.4em\" content_font=\"Poppins||||||||\" content_font_size=\"21px\" content_letter_spacing=\"1px\" content_line_height=\"2em\" subhead_font=\"Playfair Display|700||on|||||\" subhead_font_size=\"48px\" subhead_letter_spacing=\"3px\" subhead_line_height=\"1.4em\" background_color=\"rgba(255,255,255,0)\" background_image=\"https:\/\/www.perama.es\/wp-content\/uploads\/2022\/09\/Picture3.jpg\" custom_button_one=\"on\" button_one_border_width=\"1px\" button_one_border_color=\"rgba(255,255,255,0.3)\" button_one_border_radius=\"0px\" button_one_letter_spacing=\"1px\" button_one_font=\"Saira Extra Condensed|600||on|||||\" button_one_icon=\"%%3%%\" button_one_icon_color=\"#edbb5f\" custom_button_two=\"on\" button_two_border_width=\"1px\" button_two_border_color=\"rgba(255,255,255,0.3)\" button_two_border_radius=\"0px\" button_two_letter_spacing=\"1px\" button_two_font=\"Saira Extra Condensed|600||on|||||\" button_two_icon=\"%%3%%\" button_two_icon_color=\"#edbb5f\" width=\"100%\" max_width=\"100%\" module_alignment=\"right\" min_height=\"531px\" height=\"537px\" max_height=\"1000px\" custom_margin=\"|||\" custom_padding=\"8%||8%|\" title_font_size_tablet=\"\" title_font_size_phone=\"14px\" title_font_size_last_edited=\"on|phone\" subhead_font_size_tablet=\"\" subhead_font_size_phone=\"40px\" subhead_font_size_last_edited=\"on|phone\" button_one_text_color_hover=\"#edbb5f\" button_two_text_color_hover=\"#edbb5f\" button_one_bg_color_hover=\"rgba(0,0,0,0)\" button_two_bg_color_hover=\"rgba(0,0,0,0)\" button_one_text_size__hover_enabled=\"off\" button_two_text_size__hover_enabled=\"off\" button_one_text_color__hover_enabled=\"on\" button_one_text_color__hover=\"#edbb5f\" button_two_text_color__hover_enabled=\"on\" button_two_text_color__hover=\"#edbb5f\" button_one_border_width__hover_enabled=\"off\" button_two_border_width__hover_enabled=\"off\" button_one_border_color__hover_enabled=\"off\" button_two_border_color__hover_enabled=\"off\" button_one_border_radius__hover_enabled=\"off\" button_two_border_radius__hover_enabled=\"off\" button_one_letter_spacing__hover_enabled=\"off\" button_two_letter_spacing__hover_enabled=\"off\" button_one_bg_color__hover_enabled=\"on\" button_one_bg_color__hover=\"rgba(0,0,0,0)\" button_two_bg_color__hover_enabled=\"on\" button_two_bg_color__hover=\"rgba(0,0,0,0)\"]<p>Apoyar a la Industria de Defensa para asegurar que nuestras Fuerzas Armadas tienen el mejor apoyo log\u00edstico posible.<\/p>[\/et_pb_fullwidth_header][\/et_pb_section][et_pb_section fb_built=\"1\" fullwidth=\"on\" _builder_version=\"4.5.3\" _module_preset=\"default\"][\/et_pb_section]<\/div>\n<!-- \/wp:divi\/layout -->","_et_gb_content_width":"","footnotes":""},"class_list":["post-1700","page","type-page","status-publish","hentry"],"yoast_head":"<!-- This site is optimized with the Yoast SEO plugin v27.3 - https:\/\/yoast.com\/product\/yoast-seo-wordpress\/ -->\n<title>Blog - Perama<\/title>\n<meta name=\"robots\" content=\"index, follow, max-snippet:-1, max-image-preview:large, max-video-preview:-1\" \/>\n<link rel=\"canonical\" href=\"https:\/\/www.perama.es\/en\/blog\/\" \/>\n<meta property=\"og:locale\" content=\"en_US\" \/>\n<meta property=\"og:type\" content=\"article\" \/>\n<meta property=\"og:title\" content=\"Blog - Perama\" \/>\n<meta property=\"og:description\" content=\"[et_pb_section fb_built=\u00bb1&#8243; fullwidth=\u00bbon\u00bb _builder_version=\u00bb4.5.3&#8243; _module_preset=\u00bbdefault\u00bb][et_pb_fullwidth_header title=\u00bbBLOG \u00bb background_overlay_color=\u00bbrgba(45,58,80,0.9)\u00bb image_orientation=\u00bbbottom\u00bb content_max_width=\u00bb550px\u00bb _builder_version=\u00bb4.5.3&#8243; title_font=\u00bbPoppins|700||on|||||\u00bb title_text_color=\u00bb#edbb5f\u00bb title_font_size=\u00bb63px\u00bb title_letter_spacing=\u00bb2px\u00bb title_line_height=\u00bb1.4em\u00bb content_font=\u00bbPoppins||||||||\u00bb content_font_size=\u00bb21px\u00bb content_letter_spacing=\u00bb1px\u00bb content_line_height=\u00bb2em\u00bb subhead_font=\u00bbPlayfair Display|700||on|||||\u00bb subhead_font_size=\u00bb48px\u00bb subhead_letter_spacing=\u00bb3px\u00bb subhead_line_height=\u00bb1.4em\u00bb background_color=\u00bbrgba(255,255,255,0)\u00bb background_image=\u00bbhttps:\/\/www.perama.es\/wp-content\/uploads\/2022\/09\/Picture3.jpg\u00bb custom_button_one=\u00bbon\u00bb button_one_border_width=\u00bb1px\u00bb button_one_border_color=\u00bbrgba(255,255,255,0.3)\u00bb button_one_border_radius=\u00bb0px\u00bb button_one_letter_spacing=\u00bb1px\u00bb button_one_font=\u00bbSaira Extra Condensed|600||on|||||\u00bb button_one_icon=\u00bb\u00bb button_one_icon_color=\u00bb#edbb5f\u00bb custom_button_two=\u00bbon\u00bb button_two_border_width=\u00bb1px\u00bb button_two_border_color=\u00bbrgba(255,255,255,0.3)\u00bb button_two_border_radius=\u00bb0px\u00bb button_two_letter_spacing=\u00bb1px\u00bb button_two_font=\u00bbSaira Extra Condensed|600||on|||||\u00bb button_two_icon=\u00bb\u00bb button_two_icon_color=\u00bb#edbb5f\u00bb width=\u00bb100%\u00bb max_width=\u00bb100%\u00bb module_alignment=\u00bbright\u00bb min_height=\u00bb462px\u00bb height=\u00bb537px\u00bb max_height=\u00bb1000px\u00bb custom_margin=\u00bb||-97px|||\u00bb custom_padding=\u00bb8%||8%|\u00bb [&hellip;]\" \/>\n<meta property=\"og:url\" content=\"https:\/\/www.perama.es\/en\/blog\/\" \/>\n<meta property=\"og:site_name\" content=\"Perama\" \/>\n<meta property=\"article:modified_time\" content=\"2023-03-24T01:47:05+00:00\" \/>\n<meta name=\"twitter:card\" content=\"summary_large_image\" \/>\n<meta name=\"twitter:label1\" content=\"Est. reading time\" \/>\n\t<meta name=\"twitter:data1\" content=\"1 minute\" \/>\n<script type=\"application\/ld+json\" class=\"yoast-schema-graph\">{\"@context\":\"https:\\\/\\\/schema.org\",\"@graph\":[{\"@type\":\"WebPage\",\"@id\":\"https:\\\/\\\/www.perama.es\\\/blog\\\/\",\"url\":\"https:\\\/\\\/www.perama.es\\\/blog\\\/\",\"name\":\"Blog - Perama\",\"isPartOf\":{\"@id\":\"https:\\\/\\\/www.perama.es\\\/#website\"},\"datePublished\":\"2023-02-03T12:17:08+00:00\",\"dateModified\":\"2023-03-24T01:47:05+00:00\",\"breadcrumb\":{\"@id\":\"https:\\\/\\\/www.perama.es\\\/blog\\\/#breadcrumb\"},\"inLanguage\":\"en-US\",\"potentialAction\":[{\"@type\":\"ReadAction\",\"target\":[\"https:\\\/\\\/www.perama.es\\\/blog\\\/\"]}]},{\"@type\":\"BreadcrumbList\",\"@id\":\"https:\\\/\\\/www.perama.es\\\/blog\\\/#breadcrumb\",\"itemListElement\":[{\"@type\":\"ListItem\",\"position\":1,\"name\":\"Portada\",\"item\":\"https:\\\/\\\/www.perama.es\\\/\"},{\"@type\":\"ListItem\",\"position\":2,\"name\":\"Blog\"}]},{\"@type\":\"WebSite\",\"@id\":\"https:\\\/\\\/www.perama.es\\\/#website\",\"url\":\"https:\\\/\\\/www.perama.es\\\/\",\"name\":\"Perama\",\"description\":\"Expertos en Catalogaci\u00f3n Otan\",\"publisher\":{\"@id\":\"https:\\\/\\\/www.perama.es\\\/#organization\"},\"potentialAction\":[{\"@type\":\"SearchAction\",\"target\":{\"@type\":\"EntryPoint\",\"urlTemplate\":\"https:\\\/\\\/www.perama.es\\\/?s={search_term_string}\"},\"query-input\":{\"@type\":\"PropertyValueSpecification\",\"valueRequired\":true,\"valueName\":\"search_term_string\"}}],\"inLanguage\":\"en-US\"},{\"@type\":\"Organization\",\"@id\":\"https:\\\/\\\/www.perama.es\\\/#organization\",\"name\":\"Distribuciones y Representaciones PERAMA S.L.\",\"url\":\"https:\\\/\\\/www.perama.es\\\/\",\"logo\":{\"@type\":\"ImageObject\",\"inLanguage\":\"en-US\",\"@id\":\"https:\\\/\\\/www.perama.es\\\/#\\\/schema\\\/logo\\\/image\\\/\",\"url\":\"https:\\\/\\\/www.perama.es\\\/wp-content\\\/uploads\\\/2020\\\/05\\\/Anillos-cuadradost.png\",\"contentUrl\":\"https:\\\/\\\/www.perama.es\\\/wp-content\\\/uploads\\\/2020\\\/05\\\/Anillos-cuadradost.png\",\"width\":836,\"height\":836,\"caption\":\"Distribuciones y Representaciones PERAMA S.L.\"},\"image\":{\"@id\":\"https:\\\/\\\/www.perama.es\\\/#\\\/schema\\\/logo\\\/image\\\/\"}}]}<\/script>\n<!-- \/ Yoast SEO plugin. -->","yoast_head_json":{"title":"Blog - Perama","robots":{"index":"index","follow":"follow","max-snippet":"max-snippet:-1","max-image-preview":"max-image-preview:large","max-video-preview":"max-video-preview:-1"},"canonical":"https:\/\/www.perama.es\/en\/blog\/","og_locale":"en_US","og_type":"article","og_title":"Blog - Perama","og_description":"[et_pb_section fb_built=\u00bb1&#8243; fullwidth=\u00bbon\u00bb _builder_version=\u00bb4.5.3&#8243; _module_preset=\u00bbdefault\u00bb][et_pb_fullwidth_header title=\u00bbBLOG \u00bb background_overlay_color=\u00bbrgba(45,58,80,0.9)\u00bb image_orientation=\u00bbbottom\u00bb content_max_width=\u00bb550px\u00bb _builder_version=\u00bb4.5.3&#8243; title_font=\u00bbPoppins|700||on|||||\u00bb title_text_color=\u00bb#edbb5f\u00bb title_font_size=\u00bb63px\u00bb title_letter_spacing=\u00bb2px\u00bb title_line_height=\u00bb1.4em\u00bb content_font=\u00bbPoppins||||||||\u00bb content_font_size=\u00bb21px\u00bb content_letter_spacing=\u00bb1px\u00bb content_line_height=\u00bb2em\u00bb subhead_font=\u00bbPlayfair Display|700||on|||||\u00bb subhead_font_size=\u00bb48px\u00bb subhead_letter_spacing=\u00bb3px\u00bb subhead_line_height=\u00bb1.4em\u00bb background_color=\u00bbrgba(255,255,255,0)\u00bb background_image=\u00bbhttps:\/\/www.perama.es\/wp-content\/uploads\/2022\/09\/Picture3.jpg\u00bb custom_button_one=\u00bbon\u00bb button_one_border_width=\u00bb1px\u00bb button_one_border_color=\u00bbrgba(255,255,255,0.3)\u00bb button_one_border_radius=\u00bb0px\u00bb button_one_letter_spacing=\u00bb1px\u00bb button_one_font=\u00bbSaira Extra Condensed|600||on|||||\u00bb button_one_icon=\u00bb\u00bb button_one_icon_color=\u00bb#edbb5f\u00bb custom_button_two=\u00bbon\u00bb button_two_border_width=\u00bb1px\u00bb button_two_border_color=\u00bbrgba(255,255,255,0.3)\u00bb button_two_border_radius=\u00bb0px\u00bb button_two_letter_spacing=\u00bb1px\u00bb button_two_font=\u00bbSaira Extra Condensed|600||on|||||\u00bb button_two_icon=\u00bb\u00bb button_two_icon_color=\u00bb#edbb5f\u00bb width=\u00bb100%\u00bb max_width=\u00bb100%\u00bb module_alignment=\u00bbright\u00bb min_height=\u00bb462px\u00bb height=\u00bb537px\u00bb max_height=\u00bb1000px\u00bb custom_margin=\u00bb||-97px|||\u00bb custom_padding=\u00bb8%||8%|\u00bb [&hellip;]","og_url":"https:\/\/www.perama.es\/en\/blog\/","og_site_name":"Perama","article_modified_time":"2023-03-24T01:47:05+00:00","twitter_card":"summary_large_image","twitter_misc":{"Est. reading time":"1 minute"},"schema":{"@context":"https:\/\/schema.org","@graph":[{"@type":"WebPage","@id":"https:\/\/www.perama.es\/blog\/","url":"https:\/\/www.perama.es\/blog\/","name":"Blog - Perama","isPartOf":{"@id":"https:\/\/www.perama.es\/#website"},"datePublished":"2023-02-03T12:17:08+00:00","dateModified":"2023-03-24T01:47:05+00:00","breadcrumb":{"@id":"https:\/\/www.perama.es\/blog\/#breadcrumb"},"inLanguage":"en-US","potentialAction":[{"@type":"ReadAction","target":["https:\/\/www.perama.es\/blog\/"]}]},{"@type":"BreadcrumbList","@id":"https:\/\/www.perama.es\/blog\/#breadcrumb","itemListElement":[{"@type":"ListItem","position":1,"name":"Portada","item":"https:\/\/www.perama.es\/"},{"@type":"ListItem","position":2,"name":"Blog"}]},{"@type":"WebSite","@id":"https:\/\/www.perama.es\/#website","url":"https:\/\/www.perama.es\/","name":"Perama","description":"Expertos en Catalogaci\u00f3n Otan","publisher":{"@id":"https:\/\/www.perama.es\/#organization"},"potentialAction":[{"@type":"SearchAction","target":{"@type":"EntryPoint","urlTemplate":"https:\/\/www.perama.es\/?s={search_term_string}"},"query-input":{"@type":"PropertyValueSpecification","valueRequired":true,"valueName":"search_term_string"}}],"inLanguage":"en-US"},{"@type":"Organization","@id":"https:\/\/www.perama.es\/#organization","name":"Distribuciones y Representaciones PERAMA S.L.","url":"https:\/\/www.perama.es\/","logo":{"@type":"ImageObject","inLanguage":"en-US","@id":"https:\/\/www.perama.es\/#\/schema\/logo\/image\/","url":"https:\/\/www.perama.es\/wp-content\/uploads\/2020\/05\/Anillos-cuadradost.png","contentUrl":"https:\/\/www.perama.es\/wp-content\/uploads\/2020\/05\/Anillos-cuadradost.png","width":836,"height":836,"caption":"Distribuciones y Representaciones PERAMA S.L."},"image":{"@id":"https:\/\/www.perama.es\/#\/schema\/logo\/image\/"}}]}},"_links":{"self":[{"href":"https:\/\/www.perama.es\/en\/wp-json\/wp\/v2\/pages\/1700","targetHints":{"allow":["GET"]}}],"collection":[{"href":"https:\/\/www.perama.es\/en\/wp-json\/wp\/v2\/pages"}],"about":[{"href":"https:\/\/www.perama.es\/en\/wp-json\/wp\/v2\/types\/page"}],"author":[{"embeddable":true,"href":"https:\/\/www.perama.es\/en\/wp-json\/wp\/v2\/users\/99"}],"replies":[{"embeddable":true,"href":"https:\/\/www.perama.es\/en\/wp-json\/wp\/v2\/comments?post=1700"}],"version-history":[{"count":11,"href":"https:\/\/www.perama.es\/en\/wp-json\/wp\/v2\/pages\/1700\/revisions"}],"predecessor-version":[{"id":1754,"href":"https:\/\/www.perama.es\/en\/wp-json\/wp\/v2\/pages\/1700\/revisions\/1754"}],"wp:attachment":[{"href":"https:\/\/www.perama.es\/en\/wp-json\/wp\/v2\/media?parent=1700"}],"curies":[{"name":"wp","href":"https:\/\/api.w.org\/{rel}","templated":true}]}}